{"id":459,"date":"2026-03-15T10:05:47","date_gmt":"2026-03-15T09:05:47","guid":{"rendered":"https:\/\/langernamedamitsieniemandfindet.danieleimermacher.com\/?page_id=459"},"modified":"2026-03-15T11:01:40","modified_gmt":"2026-03-15T10:01:40","slug":"aktivitaeten","status":"publish","type":"page","link":"https:\/\/langernamedamitsieniemandfindet.danieleimermacher.com\/index.php\/aktivitaeten\/","title":{"rendered":"Aktivit\u00e4ten"},"content":{"rendered":"\n<div class=\"wp-block-query alignwide is-layout-flow wp-block-query-is-layout-flow\">\n<div class=\"wp-block-group is-layout-flow wp-block-group-is-layout-flow\" style=\"margin-top:0;margin-bottom:0;padding-top:var(--wp--preset--spacing--50);padding-right:0;padding-bottom:var(--wp--preset--spacing--50);padding-left:0\"><ul class=\"columns-3 alignfull wp-block-post-template is-layout-grid wp-container-core-post-template-is-layout-2d080239 wp-block-post-template-is-layout-grid\"><li class=\"wp-block-post post-15 post type-post status-publish format-standard has-post-thumbnail hentry category-allgemein\">\n<figure style=\"aspect-ratio:3\/4; padding-bottom:var(--wp--preset--spacing--20);margin-bottom:0;\" class=\"wp-block-post-featured-image\"><a href=\"https:\/\/langernamedamitsieniemandfindet.danieleimermacher.com\/index.php\/2025\/03\/29\/beitrag-giraffenbaeren-2\/\" target=\"_self\"  ><img loading=\"lazy\" decoding=\"async\" width=\"1024\" height=\"768\" src=\"https:\/\/langernamedamitsieniemandfindet.danieleimermacher.com\/wp-content\/uploads\/2026\/03\/IMG_6937-1024x768-1.jpg\" class=\"attachment-post-thumbnail size-post-thumbnail wp-post-image\" alt=\"Gartentag Fr\u00fchling 2025\" style=\"width:100%;height:100%;object-fit:cover;\" srcset=\"https:\/\/langernamedamitsieniemandfindet.danieleimermacher.com\/wp-content\/uploads\/2026\/03\/IMG_6937-1024x768-1.jpg 1024w, https:\/\/langernamedamitsieniemandfindet.danieleimermacher.com\/wp-content\/uploads\/2026\/03\/IMG_6937-1024x768-1-300x225.jpg 300w, https:\/\/langernamedamitsieniemandfindet.danieleimermacher.com\/wp-content\/uploads\/2026\/03\/IMG_6937-1024x768-1-768x576.jpg 768w\" sizes=\"auto, (max-width: 1024px) 100vw, 1024px\" \/><\/a><\/figure>\n\n\n<div class=\"wp-block-group is-vertical is-nowrap is-layout-flex wp-container-core-group-is-layout-97ba36a5 wp-block-group-is-layout-flex\" style=\"margin-top:var(--wp--preset--spacing--20);padding-top:0\"><h2 class=\"wp-block-post-title has-large-font-size wp-container-content-32e3a40d\"><a href=\"https:\/\/langernamedamitsieniemandfindet.danieleimermacher.com\/index.php\/2025\/03\/29\/beitrag-giraffenbaeren-2\/\" target=\"_self\" >Gartentag Fr\u00fchling 2025<\/a><\/h2>\n\n<div class=\"wp-block-template-part\">\n<div class=\"wp-block-group has-global-padding is-layout-constrained wp-block-group-is-layout-constrained\">\n<div class=\"wp-block-group is-content-justification-left is-layout-flex wp-container-core-group-is-layout-dfe8e91f wp-block-group-is-layout-flex\"><div class=\"wp-block-post-date\"><time datetime=\"2025-03-29T16:47:00+01:00\"><a href=\"https:\/\/langernamedamitsieniemandfindet.danieleimermacher.com\/index.php\/2025\/03\/29\/beitrag-giraffenbaeren-2\/\">M\u00e4rz 29, 2025<\/a><\/time><\/div><\/div>\n<\/div>\n<\/div>\n\n<div class=\"wp-block-post-excerpt has-text-color has-contrast-2-color has-small-font-size wp-container-content-32e3a40d\"><p class=\"wp-block-post-excerpt__excerpt\">Am Samstag den 29.3.25 fand der allj\u00e4hrliche Gartentag bei den Giraffenb\u00e4ren statt.Es wurde von Gro\u00df und Klein geg\u00e4rtnert was das Zeug h\u00e4lt sowie lecker zusammen gespeist.Unsere Hochbeete sind jetzt fit f\u00fcr die neue Saison \u2013 hoffentlich mit vieeelen Erdbeeren, der Rutschh\u00fcgel wurde aufgesch\u00fcttet, die Hecken beschnitten, neue Blumentafeln gestaltet und aufgehangen. Ein besonderes Highlight f\u00fcr&hellip; <\/p><\/div>\n\n\n<div style=\"height:0px\" aria-hidden=\"true\" class=\"wp-block-spacer wp-container-content-32e3a40d\"><\/div>\n<\/div>\n\n<\/li><li class=\"wp-block-post post-13 post type-post status-publish format-standard has-post-thumbnail hentry category-allgemein\">\n<figure style=\"aspect-ratio:3\/4; padding-bottom:var(--wp--preset--spacing--20);margin-bottom:0;\" class=\"wp-block-post-featured-image\"><a href=\"https:\/\/langernamedamitsieniemandfindet.danieleimermacher.com\/index.php\/2024\/06\/23\/beitrag-giraffenbaeren1\/\" target=\"_self\"  ><img loading=\"lazy\" decoding=\"async\" width=\"768\" height=\"1024\" src=\"https:\/\/langernamedamitsieniemandfindet.danieleimermacher.com\/wp-content\/uploads\/2024\/03\/Vaterkindzelten-2024.jpg\" class=\"attachment-post-thumbnail size-post-thumbnail wp-post-image\" alt=\"Vater-Kind-Zelten 2024\" style=\"width:100%;height:100%;object-fit:cover;\" srcset=\"https:\/\/langernamedamitsieniemandfindet.danieleimermacher.com\/wp-content\/uploads\/2024\/03\/Vaterkindzelten-2024.jpg 768w, https:\/\/langernamedamitsieniemandfindet.danieleimermacher.com\/wp-content\/uploads\/2024\/03\/Vaterkindzelten-2024-225x300.jpg 225w\" sizes=\"auto, (max-width: 768px) 100vw, 768px\" \/><\/a><\/figure>\n\n\n<div class=\"wp-block-group is-vertical is-nowrap is-layout-flex wp-container-core-group-is-layout-97ba36a5 wp-block-group-is-layout-flex\" style=\"margin-top:var(--wp--preset--spacing--20);padding-top:0\"><h2 class=\"wp-block-post-title has-large-font-size wp-container-content-32e3a40d\"><a href=\"https:\/\/langernamedamitsieniemandfindet.danieleimermacher.com\/index.php\/2024\/06\/23\/beitrag-giraffenbaeren1\/\" target=\"_self\" >Vater-Kind-Zelten 2024<\/a><\/h2>\n\n<div class=\"wp-block-template-part\">\n<div class=\"wp-block-group has-global-padding is-layout-constrained wp-block-group-is-layout-constrained\">\n<div class=\"wp-block-group is-content-justification-left is-layout-flex wp-container-core-group-is-layout-dfe8e91f wp-block-group-is-layout-flex\"><div class=\"wp-block-post-date\"><time datetime=\"2024-06-23T16:40:00+02:00\"><a href=\"https:\/\/langernamedamitsieniemandfindet.danieleimermacher.com\/index.php\/2024\/06\/23\/beitrag-giraffenbaeren1\/\">Juni 23, 2024<\/a><\/time><\/div><\/div>\n<\/div>\n<\/div>\n\n<div class=\"wp-block-post-excerpt has-text-color has-contrast-2-color has-small-font-size wp-container-content-32e3a40d\"><p class=\"wp-block-post-excerpt__excerpt\">Dieses Wochenende waren wir gemeinsam schon zum 4. Vater-Kind-Zelten unterwegs und haben zusammen ein sonniges und aufregendes Wochenende erlebt. Beitrag von Martin Pichlo, 23. Juni 2024 <\/p><\/div>\n\n\n<div style=\"height:0px\" aria-hidden=\"true\" class=\"wp-block-spacer wp-container-content-32e3a40d\"><\/div>\n<\/div>\n\n<\/li><li class=\"wp-block-post post-446 post type-post status-publish format-standard has-post-thumbnail hentry category-allgemein\">\n<figure style=\"aspect-ratio:3\/4; padding-bottom:var(--wp--preset--spacing--20);margin-bottom:0;\" class=\"wp-block-post-featured-image\"><a href=\"https:\/\/langernamedamitsieniemandfindet.danieleimermacher.com\/index.php\/2023\/09\/02\/50-jahre-kita-giraffenbaeren\/\" target=\"_self\"  ><img loading=\"lazy\" decoding=\"async\" width=\"724\" height=\"1024\" src=\"https:\/\/langernamedamitsieniemandfindet.danieleimermacher.com\/wp-content\/uploads\/2026\/03\/Poster-Jubilaeum-Kita-Giraffenbaeren-724x1024-1.jpg\" class=\"attachment-post-thumbnail size-post-thumbnail wp-post-image\" alt=\"50 Jahre Kita Giraffenb\u00e4ren\" style=\"width:100%;height:100%;object-fit:cover;\" srcset=\"https:\/\/langernamedamitsieniemandfindet.danieleimermacher.com\/wp-content\/uploads\/2026\/03\/Poster-Jubilaeum-Kita-Giraffenbaeren-724x1024-1.jpg 724w, https:\/\/langernamedamitsieniemandfindet.danieleimermacher.com\/wp-content\/uploads\/2026\/03\/Poster-Jubilaeum-Kita-Giraffenbaeren-724x1024-1-212x300.jpg 212w\" sizes=\"auto, (max-width: 724px) 100vw, 724px\" \/><\/a><\/figure>\n\n\n<div class=\"wp-block-group is-vertical is-nowrap is-layout-flex wp-container-core-group-is-layout-97ba36a5 wp-block-group-is-layout-flex\" style=\"margin-top:var(--wp--preset--spacing--20);padding-top:0\"><h2 class=\"wp-block-post-title has-large-font-size wp-container-content-32e3a40d\"><a href=\"https:\/\/langernamedamitsieniemandfindet.danieleimermacher.com\/index.php\/2023\/09\/02\/50-jahre-kita-giraffenbaeren\/\" target=\"_self\" >50 Jahre Kita Giraffenb\u00e4ren<\/a><\/h2>\n\n<div class=\"wp-block-template-part\">\n<div class=\"wp-block-group has-global-padding is-layout-constrained wp-block-group-is-layout-constrained\">\n<div class=\"wp-block-group is-content-justification-left is-layout-flex wp-container-core-group-is-layout-dfe8e91f wp-block-group-is-layout-flex\"><div class=\"wp-block-post-date\"><time datetime=\"2023-09-02T09:52:00+02:00\"><a href=\"https:\/\/langernamedamitsieniemandfindet.danieleimermacher.com\/index.php\/2023\/09\/02\/50-jahre-kita-giraffenbaeren\/\">Sep. 2, 2023<\/a><\/time><\/div><\/div>\n<\/div>\n<\/div>\n\n<div class=\"wp-block-post-excerpt has-text-color has-contrast-2-color has-small-font-size wp-container-content-32e3a40d\"><p class=\"wp-block-post-excerpt__excerpt\">Am Sonntag feiern wir 50 Jahre Kita Giraffenb\u00e4ren und laden alle Freunde der Giraffenb\u00e4ren, Ehemalige und alle, die diesen Tag mit uns feiern wollen, ein. Beitrag von Martin Pichlo, 02.09.2023 <\/p><\/div>\n\n\n<div style=\"height:0px\" aria-hidden=\"true\" class=\"wp-block-spacer wp-container-content-32e3a40d\"><\/div>\n<\/div>\n\n<\/li><li class=\"wp-block-post post-450 post type-post status-publish format-standard has-post-thumbnail hentry category-allgemein\">\n<figure style=\"aspect-ratio:3\/4; padding-bottom:var(--wp--preset--spacing--20);margin-bottom:0;\" class=\"wp-block-post-featured-image\"><a href=\"https:\/\/langernamedamitsieniemandfindet.danieleimermacher.com\/index.php\/2021\/12\/20\/neues-kaninchenhaus\/\" target=\"_self\"  ><img loading=\"lazy\" decoding=\"async\" width=\"1600\" height=\"1600\" src=\"https:\/\/langernamedamitsieniemandfindet.danieleimermacher.com\/wp-content\/uploads\/2026\/03\/img_1322.jpg\" class=\"attachment-post-thumbnail size-post-thumbnail wp-post-image\" alt=\"Neues Kaninchenhaus\" style=\"width:100%;height:100%;object-fit:cover;\" srcset=\"https:\/\/langernamedamitsieniemandfindet.danieleimermacher.com\/wp-content\/uploads\/2026\/03\/img_1322.jpg 1600w, https:\/\/langernamedamitsieniemandfindet.danieleimermacher.com\/wp-content\/uploads\/2026\/03\/img_1322-300x300.jpg 300w, https:\/\/langernamedamitsieniemandfindet.danieleimermacher.com\/wp-content\/uploads\/2026\/03\/img_1322-1024x1024.jpg 1024w, https:\/\/langernamedamitsieniemandfindet.danieleimermacher.com\/wp-content\/uploads\/2026\/03\/img_1322-150x150.jpg 150w, https:\/\/langernamedamitsieniemandfindet.danieleimermacher.com\/wp-content\/uploads\/2026\/03\/img_1322-768x768.jpg 768w, https:\/\/langernamedamitsieniemandfindet.danieleimermacher.com\/wp-content\/uploads\/2026\/03\/img_1322-1536x1536.jpg 1536w\" sizes=\"auto, (max-width: 1600px) 100vw, 1600px\" \/><\/a><\/figure>\n\n\n<div class=\"wp-block-group is-vertical is-nowrap is-layout-flex wp-container-core-group-is-layout-97ba36a5 wp-block-group-is-layout-flex\" style=\"margin-top:var(--wp--preset--spacing--20);padding-top:0\"><h2 class=\"wp-block-post-title has-large-font-size wp-container-content-32e3a40d\"><a href=\"https:\/\/langernamedamitsieniemandfindet.danieleimermacher.com\/index.php\/2021\/12\/20\/neues-kaninchenhaus\/\" target=\"_self\" >Neues Kaninchenhaus<\/a><\/h2>\n\n<div class=\"wp-block-template-part\">\n<div class=\"wp-block-group has-global-padding is-layout-constrained wp-block-group-is-layout-constrained\">\n<div class=\"wp-block-group is-content-justification-left is-layout-flex wp-container-core-group-is-layout-dfe8e91f wp-block-group-is-layout-flex\"><div class=\"wp-block-post-date\"><time datetime=\"2021-12-20T09:55:00+01:00\"><a href=\"https:\/\/langernamedamitsieniemandfindet.danieleimermacher.com\/index.php\/2021\/12\/20\/neues-kaninchenhaus\/\">Dez. 20, 2021<\/a><\/time><\/div><\/div>\n<\/div>\n<\/div>\n\n<div class=\"wp-block-post-excerpt has-text-color has-contrast-2-color has-small-font-size wp-container-content-32e3a40d\"><p class=\"wp-block-post-excerpt__excerpt\">Unsere Kaninchen haben ein sehr sch\u00f6nes neues Hasenhaus bekommen. Vielen Dank an alle Helfer! Beitrag von Martin Pichlo <\/p><\/div>\n\n\n<div style=\"height:0px\" aria-hidden=\"true\" class=\"wp-block-spacer wp-container-content-32e3a40d\"><\/div>\n<\/div>\n\n<\/li><li class=\"wp-block-post post-453 post type-post status-publish format-standard hentry category-allgemein\">\n\n\n\n<div class=\"wp-block-group is-vertical is-nowrap is-layout-flex wp-container-core-group-is-layout-97ba36a5 wp-block-group-is-layout-flex\" style=\"margin-top:var(--wp--preset--spacing--20);padding-top:0\"><h2 class=\"wp-block-post-title has-large-font-size wp-container-content-32e3a40d\"><a href=\"https:\/\/langernamedamitsieniemandfindet.danieleimermacher.com\/index.php\/2021\/08\/01\/start-ins-neue-kitajahr\/\" target=\"_self\" >Start ins neue Kitajahr<\/a><\/h2>\n\n<div class=\"wp-block-template-part\">\n<div class=\"wp-block-group has-global-padding is-layout-constrained wp-block-group-is-layout-constrained\">\n<div class=\"wp-block-group is-content-justification-left is-layout-flex wp-container-core-group-is-layout-dfe8e91f wp-block-group-is-layout-flex\"><div class=\"wp-block-post-date\"><time datetime=\"2021-08-01T09:57:00+02:00\"><a href=\"https:\/\/langernamedamitsieniemandfindet.danieleimermacher.com\/index.php\/2021\/08\/01\/start-ins-neue-kitajahr\/\">Aug. 1, 2021<\/a><\/time><\/div><\/div>\n<\/div>\n<\/div>\n\n<div class=\"wp-block-post-excerpt has-text-color has-contrast-2-color has-small-font-size wp-container-content-32e3a40d\"><p class=\"wp-block-post-excerpt__excerpt\">Heute beginnt das neue Kitajahr. Wir begr\u00fc\u00dfen herzlich alle neuen Familien und unsere neuen Kinder, sowie unsere neuen Mitarbeiterinnen und Mitarbeiter im Team. Beitrag von Martin Pichlo <\/p><\/div>\n\n\n<div style=\"height:0px\" aria-hidden=\"true\" class=\"wp-block-spacer wp-container-content-32e3a40d\"><\/div>\n<\/div>\n\n<\/li><li class=\"wp-block-post post-455 post type-post status-publish format-standard hentry category-allgemein\">\n\n\n\n<div class=\"wp-block-group is-vertical is-nowrap is-layout-flex wp-container-core-group-is-layout-97ba36a5 wp-block-group-is-layout-flex\" style=\"margin-top:var(--wp--preset--spacing--20);padding-top:0\"><h2 class=\"wp-block-post-title has-large-font-size wp-container-content-32e3a40d\"><a href=\"https:\/\/langernamedamitsieniemandfindet.danieleimermacher.com\/index.php\/2021\/05\/26\/regelbetrieb-ab-7-juni-2021\/\" target=\"_self\" >Regelbetrieb ab 7. Juni 2021<\/a><\/h2>\n\n<div class=\"wp-block-template-part\">\n<div class=\"wp-block-group has-global-padding is-layout-constrained wp-block-group-is-layout-constrained\">\n<div class=\"wp-block-group is-content-justification-left is-layout-flex wp-container-core-group-is-layout-dfe8e91f wp-block-group-is-layout-flex\"><div class=\"wp-block-post-date\"><time datetime=\"2021-05-26T09:57:00+02:00\"><a href=\"https:\/\/langernamedamitsieniemandfindet.danieleimermacher.com\/index.php\/2021\/05\/26\/regelbetrieb-ab-7-juni-2021\/\">Mai 26, 2021<\/a><\/time><\/div><\/div>\n<\/div>\n<\/div>\n\n<div class=\"wp-block-post-excerpt has-text-color has-contrast-2-color has-small-font-size wp-container-content-32e3a40d\"><p class=\"wp-block-post-excerpt__excerpt\">ab Montag, den 7. Juni gehen wir in den&nbsp;Regelbetrieb&nbsp;\u00fcber (siehe auch Informationen aus dem Ministerium) und damit ist die Einschr\u00e4nkung in den Betreuungszeiten aufgehoben! Sie k\u00f6nnen wieder die Betreuungszeit, die Sie in Ihrem Betreuungsvertrag stehen haben, voll nutzen. Wir hoffen, dass Ihnen damit endlich (!) einiges an Zeitnot und Organisation f\u00fcr die Betreuung Ihrer Kinder&hellip; <\/p><\/div>\n\n\n<div style=\"height:0px\" aria-hidden=\"true\" class=\"wp-block-spacer wp-container-content-32e3a40d\"><\/div>\n<\/div>\n\n<\/li><li class=\"wp-block-post post-462 post type-post status-publish format-standard has-post-thumbnail hentry category-allgemein\">\n<figure style=\"aspect-ratio:3\/4; padding-bottom:var(--wp--preset--spacing--20);margin-bottom:0;\" class=\"wp-block-post-featured-image\"><a href=\"https:\/\/langernamedamitsieniemandfindet.danieleimermacher.com\/index.php\/2021\/01\/14\/neue-fotos-unseres-kindergartens\/\" target=\"_self\"  ><img loading=\"lazy\" decoding=\"async\" width=\"642\" height=\"300\" src=\"https:\/\/langernamedamitsieniemandfindet.danieleimermacher.com\/wp-content\/uploads\/2026\/03\/Kachel4.jpg\" class=\"attachment-post-thumbnail size-post-thumbnail wp-post-image\" alt=\"Neue Fotos unseres Kindergartens\" style=\"width:100%;height:100%;object-fit:cover;\" srcset=\"https:\/\/langernamedamitsieniemandfindet.danieleimermacher.com\/wp-content\/uploads\/2026\/03\/Kachel4.jpg 642w, https:\/\/langernamedamitsieniemandfindet.danieleimermacher.com\/wp-content\/uploads\/2026\/03\/Kachel4-300x140.jpg 300w\" sizes=\"auto, (max-width: 642px) 100vw, 642px\" \/><\/a><\/figure>\n\n\n<div class=\"wp-block-group is-vertical is-nowrap is-layout-flex wp-container-core-group-is-layout-97ba36a5 wp-block-group-is-layout-flex\" style=\"margin-top:var(--wp--preset--spacing--20);padding-top:0\"><h2 class=\"wp-block-post-title has-large-font-size wp-container-content-32e3a40d\"><a href=\"https:\/\/langernamedamitsieniemandfindet.danieleimermacher.com\/index.php\/2021\/01\/14\/neue-fotos-unseres-kindergartens\/\" target=\"_self\" >Neue Fotos unseres Kindergartens<\/a><\/h2>\n\n<div class=\"wp-block-template-part\">\n<div class=\"wp-block-group has-global-padding is-layout-constrained wp-block-group-is-layout-constrained\">\n<div class=\"wp-block-group is-content-justification-left is-layout-flex wp-container-core-group-is-layout-dfe8e91f wp-block-group-is-layout-flex\"><div class=\"wp-block-post-date\"><time datetime=\"2021-01-14T10:13:00+01:00\"><a href=\"https:\/\/langernamedamitsieniemandfindet.danieleimermacher.com\/index.php\/2021\/01\/14\/neue-fotos-unseres-kindergartens\/\">Jan. 14, 2021<\/a><\/time><\/div><\/div>\n<\/div>\n<\/div>\n\n<div class=\"wp-block-post-excerpt has-text-color has-contrast-2-color has-small-font-size wp-container-content-32e3a40d\"><p class=\"wp-block-post-excerpt__excerpt\">Wir haben die Zeit zwischen den Jahren genutzt, um endlich die Fotos in der Kategorie\u00a0Der Kindergarten\u00a0zu aktualisieren. Im Bereich\u00a0Innenr\u00e4ume\u00a0pr\u00e4sentieren wir nun stolz unsere sch\u00f6ne neue Innenausstattung aus Giraffen- und B\u00e4rengruppe, dem Bauraum und nat\u00fcrlich dem Schlummerland. Auch im\u00a0Au\u00dfenspielgel\u00e4nder\u00a0und im neuen Bereich\u00a0Wald\u00a0haben wir mit einigen sch\u00f6nen Fotos nachgelegt. Vielen Dank an alle Helfer und Fotografen! Beitrag&hellip; <\/p><\/div>\n\n\n<div style=\"height:0px\" aria-hidden=\"true\" class=\"wp-block-spacer wp-container-content-32e3a40d\"><\/div>\n<\/div>\n\n<\/li><li class=\"wp-block-post post-464 post type-post status-publish format-standard has-post-thumbnail hentry category-allgemein\">\n<figure style=\"aspect-ratio:3\/4; padding-bottom:var(--wp--preset--spacing--20);margin-bottom:0;\" class=\"wp-block-post-featured-image\"><a href=\"https:\/\/langernamedamitsieniemandfindet.danieleimermacher.com\/index.php\/2021\/01\/12\/kreative-bauwerke\/\" target=\"_self\"  ><img loading=\"lazy\" decoding=\"async\" width=\"768\" height=\"1024\" src=\"https:\/\/langernamedamitsieniemandfindet.danieleimermacher.com\/wp-content\/uploads\/2026\/03\/P1000936-768x1024-1.jpg\" class=\"attachment-post-thumbnail size-post-thumbnail wp-post-image\" alt=\"Kreative Bauwerke\" style=\"width:100%;height:100%;object-fit:cover;\" srcset=\"https:\/\/langernamedamitsieniemandfindet.danieleimermacher.com\/wp-content\/uploads\/2026\/03\/P1000936-768x1024-1.jpg 768w, https:\/\/langernamedamitsieniemandfindet.danieleimermacher.com\/wp-content\/uploads\/2026\/03\/P1000936-768x1024-1-225x300.jpg 225w\" sizes=\"auto, (max-width: 768px) 100vw, 768px\" \/><\/a><\/figure>\n\n\n<div class=\"wp-block-group is-vertical is-nowrap is-layout-flex wp-container-core-group-is-layout-97ba36a5 wp-block-group-is-layout-flex\" style=\"margin-top:var(--wp--preset--spacing--20);padding-top:0\"><h2 class=\"wp-block-post-title has-large-font-size wp-container-content-32e3a40d\"><a href=\"https:\/\/langernamedamitsieniemandfindet.danieleimermacher.com\/index.php\/2021\/01\/12\/kreative-bauwerke\/\" target=\"_self\" >Kreative Bauwerke<\/a><\/h2>\n\n<div class=\"wp-block-template-part\">\n<div class=\"wp-block-group has-global-padding is-layout-constrained wp-block-group-is-layout-constrained\">\n<div class=\"wp-block-group is-content-justification-left is-layout-flex wp-container-core-group-is-layout-dfe8e91f wp-block-group-is-layout-flex\"><div class=\"wp-block-post-date\"><time datetime=\"2021-01-12T10:15:00+01:00\"><a href=\"https:\/\/langernamedamitsieniemandfindet.danieleimermacher.com\/index.php\/2021\/01\/12\/kreative-bauwerke\/\">Jan. 12, 2021<\/a><\/time><\/div><\/div>\n<\/div>\n<\/div>\n\n<div class=\"wp-block-post-excerpt has-text-color has-contrast-2-color has-small-font-size wp-container-content-32e3a40d\"><p class=\"wp-block-post-excerpt__excerpt\">Hier kommen zwei Bauwerke, welche heute im Bauraum entstanden sind. Sie zeigen den K\u00f6lner Dom und eine Pyramide (noch nicht ganz fertig). Au\u00dferdem wurden gro\u00dfe Pl\u00e4ne geschmiedet, zuk\u00fcnftig Bauwerke aus Refrath nachzubauen. Beitrag von Martin Pichlo <\/p><\/div>\n\n\n<div style=\"height:0px\" aria-hidden=\"true\" class=\"wp-block-spacer wp-container-content-32e3a40d\"><\/div>\n<\/div>\n\n<\/li><li class=\"wp-block-post post-470 post type-post status-publish format-standard hentry category-allgemein\">\n\n\n\n<div class=\"wp-block-group is-vertical is-nowrap is-layout-flex wp-container-core-group-is-layout-97ba36a5 wp-block-group-is-layout-flex\" style=\"margin-top:var(--wp--preset--spacing--20);padding-top:0\"><h2 class=\"wp-block-post-title has-large-font-size wp-container-content-32e3a40d\"><a href=\"https:\/\/langernamedamitsieniemandfindet.danieleimermacher.com\/index.php\/2021\/01\/08\/elternbeitraege-januar-2021\/\" target=\"_self\" >Elternbeitr\u00e4ge Januar 2021<\/a><\/h2>\n\n<div class=\"wp-block-template-part\">\n<div class=\"wp-block-group has-global-padding is-layout-constrained wp-block-group-is-layout-constrained\">\n<div class=\"wp-block-group is-content-justification-left is-layout-flex wp-container-core-group-is-layout-dfe8e91f wp-block-group-is-layout-flex\"><div class=\"wp-block-post-date\"><time datetime=\"2021-01-08T10:20:00+01:00\"><a href=\"https:\/\/langernamedamitsieniemandfindet.danieleimermacher.com\/index.php\/2021\/01\/08\/elternbeitraege-januar-2021\/\">Jan. 8, 2021<\/a><\/time><\/div><\/div>\n<\/div>\n<\/div>\n\n<div class=\"wp-block-post-excerpt has-text-color has-contrast-2-color has-small-font-size wp-container-content-32e3a40d\"><p class=\"wp-block-post-excerpt__excerpt\">Anbei eine Information des Jugendamtes, Sachgebietsleitung Elternbeitr\u00e4ge Kindertagesbetreuung: \u201eIm Elternbrief des Familienministerium wurde bekannt gegeben, dass der Elternbeitrag f\u00fcr den Monat Januar (die Entscheidung f\u00fcr den Beitrag der OGS steht noch aus) erlassen wird. Die Eltern werden gebeten, den Beitrag dennoch vorerst regul\u00e4r weiter zu zahlen, damit keine Mahnungen versandt werden. Die interne Abwicklung innerhalb&hellip; <\/p><\/div>\n\n\n<div style=\"height:0px\" aria-hidden=\"true\" class=\"wp-block-spacer wp-container-content-32e3a40d\"><\/div>\n<\/div>\n\n<\/li><\/ul>\n\n\n<div style=\"margin-top:0;margin-bottom:0;height:var(--wp--preset--spacing--40)\" aria-hidden=\"true\" class=\"wp-block-spacer\"><\/div>\n\n\n<\/div>\n<\/div>\n","protected":false},"excerpt":{"rendered":"","protected":false},"author":1,"featured_media":0,"parent":0,"menu_order":0,"comment_status":"closed","ping_status":"closed","template":"","meta":{"footnotes":""},"class_list":["post-459","page","type-page","status-publish","hentry"],"_links":{"self":[{"href":"https:\/\/langernamedamitsieniemandfindet.danieleimermacher.com\/index.php\/wp-json\/wp\/v2\/pages\/459","targetHints":{"allow":["GET"]}}],"collection":[{"href":"https:\/\/langernamedamitsieniemandfindet.danieleimermacher.com\/index.php\/wp-json\/wp\/v2\/pages"}],"about":[{"href":"https:\/\/langernamedamitsieniemandfindet.danieleimermacher.com\/index.php\/wp-json\/wp\/v2\/types\/page"}],"author":[{"embeddable":true,"href":"https:\/\/langernamedamitsieniemandfindet.danieleimermacher.com\/index.php\/wp-json\/wp\/v2\/users\/1"}],"replies":[{"embeddable":true,"href":"https:\/\/langernamedamitsieniemandfindet.danieleimermacher.com\/index.php\/wp-json\/wp\/v2\/comments?post=459"}],"version-history":[{"count":4,"href":"https:\/\/langernamedamitsieniemandfindet.danieleimermacher.com\/index.php\/wp-json\/wp\/v2\/pages\/459\/revisions"}],"predecessor-version":[{"id":484,"href":"https:\/\/langernamedamitsieniemandfindet.danieleimermacher.com\/index.php\/wp-json\/wp\/v2\/pages\/459\/revisions\/484"}],"wp:attachment":[{"href":"https:\/\/langernamedamitsieniemandfindet.danieleimermacher.com\/index.php\/wp-json\/wp\/v2\/media?parent=459"}],"curies":[{"name":"wp","href":"https:\/\/api.w.org\/{rel}","templated":true}]}}